{"id":10187,"date":"2026-03-04T13:20:37","date_gmt":"2026-03-04T13:20:37","guid":{"rendered":"https:\/\/derosa.it\/?post_type=product&#038;p=10187"},"modified":"2026-03-04T15:21:30","modified_gmt":"2026-03-04T15:21:30","slug":"rider-pack-2025-maglia-tecnica-pantaloncini-copy-2","status":"publish","type":"product","link":"https:\/\/derosa.it\/it\/rider-pack-2026-maglia-tecnica-pantaloncini\/","title":{"rendered":"Rider pack 2026: Maglia tecnica + Pantaloncini"},"content":{"rendered":"<p>Il <strong>De Rosa Rider Pack 2026<\/strong> unisce la maglia performance ufficiale e la salopette tecnica in un kit completo pensato per offrire comfort, precisione e stile in ogni uscita.<\/p>\n<p>La maglia \u00e8 realizzata con una costruzione multi-tessuto: tessuto Bellagio su fronte, collo e tasche, tessuto Paterberg sul retro per una maggiore traspirabilit\u00e0 e maniche aerodinamiche in PRO 39122 con taglio vivo. La zip lunga coperta, l\u2019elastico siliconato sul fondo posteriore e il dettaglio reflex sotto la tasca completano il design tecnico .<\/p>\n<p>La salopette \u00e8 progettata per le uscite pi\u00f9 impegnative con tessuto Cobra a taglio vivo, bretelle elastiche e fondello Bormio, garantendo comfort e stabilit\u00e0 anche nelle lunghe distanze .<\/p>\n<p>Disponibile con <strong>due varianti colore della maglia \u2014 Bone White o Carbon Black \u2014 abbinate alla salopette nera o bianca<\/strong>, per un look racing pulito e immediatamente riconoscibile De Rosa.<\/p>\n","protected":false},"excerpt":{"rendered":"<p>Il De Rosa Rider Pack 2026 unisce la maglia performance ufficiale e la salopette tecnica in un kit completo pensato per offrire comfort, precisione e stile in ogni uscita. La maglia \u00e8 realizzata con una costruzione multi-tessuto: tessuto Bellagio su fronte, collo e tasche, tessuto Paterberg sul retro per una maggiore traspirabilit\u00e0 e maniche aerodinamiche&#8230;<\/p>\n","protected":false},"featured_media":10200,"template":"","meta":[],"product_brand":[],"product_cat":[748,1456],"product_tag":[1250],"bike_component":[],"class_list":{"0":"post-10187","1":"product","2":"type-product","3":"status-publish","4":"has-post-thumbnail","6":"product_cat-abbigliamento","7":"product_cat-abbigliamento-tecnico","8":"product_tag-merch-2025-it","9":"product_shipping_class-merch-it","10":"delivery-within-4-weeks","12":"first","13":"instock","14":"taxable","15":"shipping-taxable","16":"purchasable","17":"product-type-variable"},"yoast_head":"<!-- This site is optimized with the Yoast SEO plugin v27.5 - https:\/\/yoast.com\/product\/yoast-seo-wordpress\/ -->\n<title>Rider pack 2026: Maglia tecnica + Pantaloncini - De Rosa<\/title>\n<meta name=\"robots\" content=\"index, follow, max-snippet:-1, max-image-preview:large, max-video-preview:-1\" \/>\n<link rel=\"canonical\" href=\"https:\/\/derosa.it\/it\/rider-pack-2026-maglia-tecnica-pantaloncini\/\" \/>\n<meta property=\"og:locale\" content=\"it_IT\" \/>\n<meta property=\"og:type\" content=\"article\" \/>\n<meta property=\"og:title\" content=\"Rider pack 2026: Maglia tecnica + Pantaloncini - De Rosa\" \/>\n<meta property=\"og:description\" content=\"Il De Rosa Rider Pack 2026 unisce la maglia performance ufficiale e la salopette tecnica in un kit completo pensato per offrire comfort, precisione e stile in ogni uscita. La maglia \u00e8 realizzata con una costruzione multi-tessuto: tessuto Bellagio su fronte, collo e tasche, tessuto Paterberg sul retro per una maggiore traspirabilit\u00e0 e maniche aerodinamiche...\" \/>\n<meta property=\"og:url\" content=\"https:\/\/derosa.it\/it\/rider-pack-2026-maglia-tecnica-pantaloncini\/\" \/>\n<meta property=\"og:site_name\" content=\"De Rosa\" \/>\n<meta property=\"article:publisher\" content=\"https:\/\/www.facebook.com\/derosabikes\" \/>\n<meta property=\"article:modified_time\" content=\"2026-03-04T15:21:30+00:00\" \/>\n<meta property=\"og:image\" content=\"https:\/\/derosa.it\/app\/uploads\/2026\/03\/Jersey-Stripe-White-Black-13-687x1024.jpg\" \/>\n\t<meta property=\"og:image:width\" content=\"687\" \/>\n\t<meta property=\"og:image:height\" content=\"1024\" \/>\n\t<meta property=\"og:image:type\" content=\"image\/jpeg\" \/>\n<meta name=\"twitter:card\" content=\"summary_large_image\" \/>\n<meta name=\"twitter:label1\" content=\"Availability\" \/>\n\t<meta name=\"twitter:data1\" content=\"In stock\" \/>\n<script type=\"application\/ld+json\" class=\"yoast-schema-graph\">{\"@context\":\"https:\\\/\\\/schema.org\",\"@graph\":[{\"@type\":\"WebPage\",\"@id\":\"https:\\\/\\\/derosa.it\\\/it\\\/rider-pack-2026-maglia-tecnica-pantaloncini\\\/\",\"url\":\"https:\\\/\\\/derosa.it\\\/it\\\/rider-pack-2026-maglia-tecnica-pantaloncini\\\/\",\"name\":\"Rider pack 2026: Maglia tecnica + Pantaloncini - De Rosa\",\"isPartOf\":{\"@id\":\"https:\\\/\\\/derosa.it\\\/it\\\/#website\"},\"primaryImageOfPage\":{\"@id\":\"https:\\\/\\\/derosa.it\\\/it\\\/rider-pack-2026-maglia-tecnica-pantaloncini\\\/#primaryimage\"},\"image\":{\"@id\":\"https:\\\/\\\/derosa.it\\\/it\\\/rider-pack-2026-maglia-tecnica-pantaloncini\\\/#primaryimage\"},\"thumbnailUrl\":\"https:\\\/\\\/derosa.it\\\/app\\\/uploads\\\/2026\\\/03\\\/Jersey-Stripe-White-Black-13.jpg\",\"datePublished\":\"2026-03-04T13:20:37+00:00\",\"dateModified\":\"2026-03-04T15:21:30+00:00\",\"breadcrumb\":{\"@id\":\"https:\\\/\\\/derosa.it\\\/it\\\/rider-pack-2026-maglia-tecnica-pantaloncini\\\/#breadcrumb\"},\"inLanguage\":\"it-IT\",\"potentialAction\":[{\"@type\":\"ReadAction\",\"target\":[\"https:\\\/\\\/derosa.it\\\/it\\\/rider-pack-2026-maglia-tecnica-pantaloncini\\\/\"]}]},{\"@type\":\"ImageObject\",\"inLanguage\":\"it-IT\",\"@id\":\"https:\\\/\\\/derosa.it\\\/it\\\/rider-pack-2026-maglia-tecnica-pantaloncini\\\/#primaryimage\",\"url\":\"https:\\\/\\\/derosa.it\\\/app\\\/uploads\\\/2026\\\/03\\\/Jersey-Stripe-White-Black-13.jpg\",\"contentUrl\":\"https:\\\/\\\/derosa.it\\\/app\\\/uploads\\\/2026\\\/03\\\/Jersey-Stripe-White-Black-13.jpg\",\"width\":1696,\"height\":2528},{\"@type\":\"BreadcrumbList\",\"@id\":\"https:\\\/\\\/derosa.it\\\/it\\\/rider-pack-2026-maglia-tecnica-pantaloncini\\\/#breadcrumb\",\"itemListElement\":[{\"@type\":\"ListItem\",\"position\":1,\"name\":\"Home\",\"item\":\"https:\\\/\\\/derosa.it\\\/it\\\/\"},{\"@type\":\"ListItem\",\"position\":2,\"name\":\"Negozio\",\"item\":\"https:\\\/\\\/derosa.it\\\/it\\\/negozio\\\/\"},{\"@type\":\"ListItem\",\"position\":3,\"name\":\"Rider pack 2026: Maglia tecnica + Pantaloncini\"}]},{\"@type\":\"WebSite\",\"@id\":\"https:\\\/\\\/derosa.it\\\/it\\\/#website\",\"url\":\"https:\\\/\\\/derosa.it\\\/it\\\/\",\"name\":\"De Rosa\",\"description\":\"De Rosa Bikes\",\"publisher\":{\"@id\":\"https:\\\/\\\/derosa.it\\\/it\\\/#organization\"},\"potentialAction\":[{\"@type\":\"SearchAction\",\"target\":{\"@type\":\"EntryPoint\",\"urlTemplate\":\"https:\\\/\\\/derosa.it\\\/it\\\/?s={search_term_string}\"},\"query-input\":{\"@type\":\"PropertyValueSpecification\",\"valueRequired\":true,\"valueName\":\"search_term_string\"}}],\"inLanguage\":\"it-IT\"},{\"@type\":\"Organization\",\"@id\":\"https:\\\/\\\/derosa.it\\\/it\\\/#organization\",\"name\":\"De Rosa\",\"url\":\"https:\\\/\\\/derosa.it\\\/it\\\/\",\"logo\":{\"@type\":\"ImageObject\",\"inLanguage\":\"it-IT\",\"@id\":\"https:\\\/\\\/derosa.it\\\/it\\\/#\\\/schema\\\/logo\\\/image\\\/\",\"url\":\"https:\\\/\\\/derosa.it\\\/app\\\/uploads\\\/2026\\\/04\\\/De-Rosa-Logo-Black.svg\",\"contentUrl\":\"https:\\\/\\\/derosa.it\\\/app\\\/uploads\\\/2026\\\/04\\\/De-Rosa-Logo-Black.svg\",\"width\":1,\"height\":1,\"caption\":\"De Rosa\"},\"image\":{\"@id\":\"https:\\\/\\\/derosa.it\\\/it\\\/#\\\/schema\\\/logo\\\/image\\\/\"},\"sameAs\":[\"https:\\\/\\\/www.facebook.com\\\/derosabikes\",\"https:\\\/\\\/www.instagram.com\\\/derosabikes\\\/\"]}]}<\/script>\n<meta property=\"og:availability\" content=\"instock\" \/>\n<meta property=\"product:availability\" content=\"instock\" \/>\n<meta property=\"product:retailer_item_id\" content=\"RIDER-PACK-26\" \/>\n<meta property=\"product:condition\" content=\"new\" \/>\n<!-- \/ Yoast SEO plugin. -->","yoast_head_json":{"title":"Rider pack 2026: Maglia tecnica + Pantaloncini - De Rosa","robots":{"index":"index","follow":"follow","max-snippet":"max-snippet:-1","max-image-preview":"max-image-preview:large","max-video-preview":"max-video-preview:-1"},"canonical":"https:\/\/derosa.it\/it\/rider-pack-2026-maglia-tecnica-pantaloncini\/","og_locale":"it_IT","og_type":"article","og_title":"Rider pack 2026: Maglia tecnica + Pantaloncini - De Rosa","og_description":"Il De Rosa Rider Pack 2026 unisce la maglia performance ufficiale e la salopette tecnica in un kit completo pensato per offrire comfort, precisione e stile in ogni uscita. La maglia \u00e8 realizzata con una costruzione multi-tessuto: tessuto Bellagio su fronte, collo e tasche, tessuto Paterberg sul retro per una maggiore traspirabilit\u00e0 e maniche aerodinamiche...","og_url":"https:\/\/derosa.it\/it\/rider-pack-2026-maglia-tecnica-pantaloncini\/","og_site_name":"De Rosa","article_publisher":"https:\/\/www.facebook.com\/derosabikes","article_modified_time":"2026-03-04T15:21:30+00:00","og_image":[{"width":687,"height":1024,"url":"https:\/\/derosa.it\/app\/uploads\/2026\/03\/Jersey-Stripe-White-Black-13-687x1024.jpg","type":"image\/jpeg"}],"twitter_card":"summary_large_image","twitter_misc":{"Availability":"In stock"},"schema":{"@context":"https:\/\/schema.org","@graph":[{"@type":"WebPage","@id":"https:\/\/derosa.it\/it\/rider-pack-2026-maglia-tecnica-pantaloncini\/","url":"https:\/\/derosa.it\/it\/rider-pack-2026-maglia-tecnica-pantaloncini\/","name":"Rider pack 2026: Maglia tecnica + Pantaloncini - De Rosa","isPartOf":{"@id":"https:\/\/derosa.it\/it\/#website"},"primaryImageOfPage":{"@id":"https:\/\/derosa.it\/it\/rider-pack-2026-maglia-tecnica-pantaloncini\/#primaryimage"},"image":{"@id":"https:\/\/derosa.it\/it\/rider-pack-2026-maglia-tecnica-pantaloncini\/#primaryimage"},"thumbnailUrl":"https:\/\/derosa.it\/app\/uploads\/2026\/03\/Jersey-Stripe-White-Black-13.jpg","datePublished":"2026-03-04T13:20:37+00:00","dateModified":"2026-03-04T15:21:30+00:00","breadcrumb":{"@id":"https:\/\/derosa.it\/it\/rider-pack-2026-maglia-tecnica-pantaloncini\/#breadcrumb"},"inLanguage":"it-IT","potentialAction":[{"@type":"ReadAction","target":["https:\/\/derosa.it\/it\/rider-pack-2026-maglia-tecnica-pantaloncini\/"]}]},{"@type":"ImageObject","inLanguage":"it-IT","@id":"https:\/\/derosa.it\/it\/rider-pack-2026-maglia-tecnica-pantaloncini\/#primaryimage","url":"https:\/\/derosa.it\/app\/uploads\/2026\/03\/Jersey-Stripe-White-Black-13.jpg","contentUrl":"https:\/\/derosa.it\/app\/uploads\/2026\/03\/Jersey-Stripe-White-Black-13.jpg","width":1696,"height":2528},{"@type":"BreadcrumbList","@id":"https:\/\/derosa.it\/it\/rider-pack-2026-maglia-tecnica-pantaloncini\/#breadcrumb","itemListElement":[{"@type":"ListItem","position":1,"name":"Home","item":"https:\/\/derosa.it\/it\/"},{"@type":"ListItem","position":2,"name":"Negozio","item":"https:\/\/derosa.it\/it\/negozio\/"},{"@type":"ListItem","position":3,"name":"Rider pack 2026: Maglia tecnica + Pantaloncini"}]},{"@type":"WebSite","@id":"https:\/\/derosa.it\/it\/#website","url":"https:\/\/derosa.it\/it\/","name":"De Rosa","description":"De Rosa Bikes","publisher":{"@id":"https:\/\/derosa.it\/it\/#organization"},"potentialAction":[{"@type":"SearchAction","target":{"@type":"EntryPoint","urlTemplate":"https:\/\/derosa.it\/it\/?s={search_term_string}"},"query-input":{"@type":"PropertyValueSpecification","valueRequired":true,"valueName":"search_term_string"}}],"inLanguage":"it-IT"},{"@type":"Organization","@id":"https:\/\/derosa.it\/it\/#organization","name":"De Rosa","url":"https:\/\/derosa.it\/it\/","logo":{"@type":"ImageObject","inLanguage":"it-IT","@id":"https:\/\/derosa.it\/it\/#\/schema\/logo\/image\/","url":"https:\/\/derosa.it\/app\/uploads\/2026\/04\/De-Rosa-Logo-Black.svg","contentUrl":"https:\/\/derosa.it\/app\/uploads\/2026\/04\/De-Rosa-Logo-Black.svg","width":1,"height":1,"caption":"De Rosa"},"image":{"@id":"https:\/\/derosa.it\/it\/#\/schema\/logo\/image\/"},"sameAs":["https:\/\/www.facebook.com\/derosabikes","https:\/\/www.instagram.com\/derosabikes\/"]}]},"og_availability":"instock","product_availability":"instock","product_retailer_item_id":"RIDER-PACK-26","product_condition":"new"},"_links":{"self":[{"href":"https:\/\/derosa.it\/it\/wp-json\/wp\/v2\/product\/10187","targetHints":{"allow":["GET"]}}],"collection":[{"href":"https:\/\/derosa.it\/it\/wp-json\/wp\/v2\/product"}],"about":[{"href":"https:\/\/derosa.it\/it\/wp-json\/wp\/v2\/types\/product"}],"wp:featuredmedia":[{"embeddable":true,"href":"https:\/\/derosa.it\/it\/wp-json\/wp\/v2\/media\/10200"}],"wp:attachment":[{"href":"https:\/\/derosa.it\/it\/wp-json\/wp\/v2\/media?parent=10187"}],"wp:term":[{"taxonomy":"product_brand","embeddable":true,"href":"https:\/\/derosa.it\/it\/wp-json\/wp\/v2\/product_brand?post=10187"},{"taxonomy":"product_cat","embeddable":true,"href":"https:\/\/derosa.it\/it\/wp-json\/wp\/v2\/product_cat?post=10187"},{"taxonomy":"product_tag","embeddable":true,"href":"https:\/\/derosa.it\/it\/wp-json\/wp\/v2\/product_tag?post=10187"},{"taxonomy":"bike_component","embeddable":true,"href":"https:\/\/derosa.it\/it\/wp-json\/wp\/v2\/bike_component?post=10187"}],"curies":[{"name":"wp","href":"https:\/\/api.w.org\/{rel}","templated":true}]}}