{"id":11038,"date":"2026-03-04T14:44:04","date_gmt":"2026-03-04T14:44:04","guid":{"rendered":"https:\/\/derosa.it\/?post_type=product&#038;p=11038"},"modified":"2026-03-05T08:14:26","modified_gmt":"2026-03-05T08:14:26","slug":"de-rosa-maglia-tecnica-2026-copy","status":"publish","type":"product","link":"https:\/\/derosa.it\/it\/de-rosa-pantaloncini-2026\/","title":{"rendered":"De Rosa Pantaloncini 2026"},"content":{"rendered":"<div class=\"flex flex-col text-sm pb-25\">\n<article class=\"text-token-text-primary w-full focus:outline-none [--shadow-height:45px] has-data-writing-block:pointer-events-none has-data-writing-block:-mt-(--shadow-height) has-data-writing-block:pt-(--shadow-height) [&amp;:has([data-writing-block])&gt;*]:pointer-events-auto scroll-mt-[calc(var(--header-height)+min(200px,max(70px,20svh)))]\" dir=\"auto\" tabindex=\"-1\" data-turn-id=\"request-69a592c5-ad18-8392-94cf-d18c6c6ef74c-16\" data-testid=\"conversation-turn-54\" data-scroll-anchor=\"true\" data-turn=\"assistant\">\n<div class=\"text-base my-auto mx-auto pb-10 [--thread-content-margin:--spacing(4)] @w-sm\/main:[--thread-content-margin:--spacing(6)] @w-lg\/main:[--thread-content-margin:--spacing(16)] px-(--thread-content-margin)\">\n<div class=\"[--thread-content-max-width:40rem] @w-lg\/main:[--thread-content-max-width:48rem] mx-auto max-w-(--thread-content-max-width) flex-1 group\/turn-messages focus-visible:outline-hidden relative flex w-full min-w-0 flex-col agent-turn\" tabindex=\"-1\">\n<div class=\"flex max-w-full flex-col grow\">\n<div class=\"min-h-8 text-message relative flex w-full flex-col items-end gap-2 text-start break-words whitespace-normal [.text-message+&amp;]:mt-1\" dir=\"auto\" data-message-author-role=\"assistant\" data-message-id=\"834fff04-b26f-4b0a-a72e-968319af28ec\" data-message-model-slug=\"gpt-5-3\">\n<div class=\"flex w-full flex-col gap-1 empty:hidden first:pt-[1px]\">\n<div class=\"markdown prose dark:prose-invert w-full wrap-break-word dark markdown-new-styling\">\n<div class=\"flex flex-col text-sm pb-25\">\n<article class=\"text-token-text-primary w-full focus:outline-none [--shadow-height:45px] has-data-writing-block:pointer-events-none has-data-writing-block:-mt-(--shadow-height) has-data-writing-block:pt-(--shadow-height) [&amp;:has([data-writing-block])&gt;*]:pointer-events-auto scroll-mt-[calc(var(--header-height)+min(200px,max(70px,20svh)))]\" dir=\"auto\" tabindex=\"-1\" data-turn-id=\"request-69a592c5-ad18-8392-94cf-d18c6c6ef74c-0\" data-testid=\"conversation-turn-80\" data-scroll-anchor=\"true\" data-turn=\"assistant\">\n<div class=\"text-base my-auto mx-auto pb-10 [--thread-content-margin:--spacing(4)] @w-sm\/main:[--thread-content-margin:--spacing(6)] @w-lg\/main:[--thread-content-margin:--spacing(16)] px-(--thread-content-margin)\">\n<div class=\"[--thread-content-max-width:40rem] @w-lg\/main:[--thread-content-max-width:48rem] mx-auto max-w-(--thread-content-max-width) flex-1 group\/turn-messages focus-visible:outline-hidden relative flex w-full min-w-0 flex-col agent-turn\" tabindex=\"-1\">\n<div class=\"flex max-w-full flex-col grow\">\n<div class=\"min-h-8 text-message relative flex w-full flex-col items-end gap-2 text-start break-words whitespace-normal [.text-message+&amp;]:mt-1\" dir=\"auto\" data-message-author-role=\"assistant\" data-message-id=\"a85b9946-7ec2-4e9a-8b6b-e1dec82e361b\" data-message-model-slug=\"gpt-5-3\">\n<div class=\"flex w-full flex-col gap-1 empty:hidden first:pt-[1px]\">\n<div class=\"markdown prose dark:prose-invert w-full wrap-break-word light markdown-new-styling\">\n<p data-start=\"0\" data-end=\"178\">I <strong data-start=\"3\" data-end=\"29\">Pantaloncini De Rosa 2026<\/strong> sono progettati per offrire comfort, stabilit\u00e0 e prestazioni in ogni uscita, dalle sessioni di allenamento quotidiane alle lunghe giornate in sella.<\/p>\n<p data-start=\"180\" data-end=\"487\">Realizzati con <strong data-start=\"195\" data-end=\"226\">tessuto Cobra a taglio vivo<\/strong>, garantiscono una vestibilit\u00e0 aderente e di supporto senza creare pressioni inutili. Le <strong data-start=\"315\" data-end=\"337\">bretelle elastiche<\/strong> assicurano stabilit\u00e0 e libert\u00e0 di movimento, mentre il <strong data-start=\"393\" data-end=\"412\">fondello Bormio<\/strong> \u00e8 studiato per offrire comfort e protezione anche nelle uscite pi\u00f9 lunghe.<\/p>\n<p data-start=\"489\" data-end=\"629\">Il design pulito e tecnico riflette l\u2019identit\u00e0 racing di De Rosa, con finiture essenziali pensate per performare chilometro dopo chilometro.<\/p>\n<p data-start=\"631\" data-end=\"744\" data-is-last-node=\"\" data-is-only-node=\"\">Disponibili nelle varianti <strong data-start=\"658\" data-end=\"667\">Black<\/strong> e <strong data-start=\"670\" data-end=\"679\">White<\/strong>, per un look racing De Rosa puro e immediatamente riconoscibile.<\/p>\n<\/div>\n<\/div>\n<\/div>\n<\/div>\n<\/div>\n<\/div>\n<\/article>\n<\/div>\n<div class=\"pointer-events-none h-px w-px absolute bottom-0\" aria-hidden=\"true\" data-edge=\"true\"><\/div>\n<\/div>\n<\/div>\n<\/div>\n<\/div>\n<\/div>\n<\/div>\n<\/article>\n<\/div>\n","protected":false},"excerpt":{"rendered":"<p>I Pantaloncini De Rosa 2026 sono progettati per offrire comfort, stabilit\u00e0 e prestazioni in ogni uscita, dalle sessioni di allenamento quotidiane alle lunghe giornate in sella. Realizzati con tessuto Cobra a taglio vivo, garantiscono una vestibilit\u00e0 aderente e di supporto senza creare pressioni inutili. Le bretelle elastiche assicurano stabilit\u00e0 e libert\u00e0 di movimento, mentre il&#8230;<\/p>\n","protected":false},"featured_media":11200,"template":"","meta":[],"product_brand":[],"product_cat":[748,1456],"product_tag":[1250],"bike_component":[],"class_list":{"0":"post-11038","1":"product","2":"type-product","3":"status-publish","4":"has-post-thumbnail","6":"product_cat-abbigliamento","7":"product_cat-abbigliamento-tecnico","8":"product_tag-merch-2025-it","9":"product_shipping_class-merch-it","10":"delivery-within-4-weeks","12":"first","13":"instock","14":"taxable","15":"shipping-taxable","16":"purchasable","17":"product-type-variable"},"yoast_head":"<!-- This site is optimized with the Yoast SEO plugin v27.5 - https:\/\/yoast.com\/product\/yoast-seo-wordpress\/ -->\n<title>De Rosa Pantaloncini 2026 - De Rosa<\/title>\n<meta name=\"robots\" content=\"index, follow, max-snippet:-1, max-image-preview:large, max-video-preview:-1\" \/>\n<link rel=\"canonical\" href=\"https:\/\/derosa.it\/it\/de-rosa-pantaloncini-2026\/\" \/>\n<meta property=\"og:locale\" content=\"it_IT\" \/>\n<meta property=\"og:type\" content=\"article\" \/>\n<meta property=\"og:title\" content=\"De Rosa Pantaloncini 2026 - De Rosa\" \/>\n<meta property=\"og:description\" content=\"I Pantaloncini De Rosa 2026 sono progettati per offrire comfort, stabilit\u00e0 e prestazioni in ogni uscita, dalle sessioni di allenamento quotidiane alle lunghe giornate in sella. Realizzati con tessuto Cobra a taglio vivo, garantiscono una vestibilit\u00e0 aderente e di supporto senza creare pressioni inutili. Le bretelle elastiche assicurano stabilit\u00e0 e libert\u00e0 di movimento, mentre il...\" \/>\n<meta property=\"og:url\" content=\"https:\/\/derosa.it\/it\/de-rosa-pantaloncini-2026\/\" \/>\n<meta property=\"og:site_name\" content=\"De Rosa\" \/>\n<meta property=\"article:publisher\" content=\"https:\/\/www.facebook.com\/derosabikes\" \/>\n<meta property=\"article:modified_time\" content=\"2026-03-05T08:14:26+00:00\" \/>\n<meta property=\"og:image\" content=\"https:\/\/derosa.it\/app\/uploads\/2026\/03\/Tecnico-26-15-683x1024.jpg\" \/>\n\t<meta property=\"og:image:width\" content=\"683\" \/>\n\t<meta property=\"og:image:height\" content=\"1024\" \/>\n\t<meta property=\"og:image:type\" content=\"image\/jpeg\" \/>\n<meta name=\"twitter:card\" content=\"summary_large_image\" \/>\n<meta name=\"twitter:label1\" content=\"Availability\" \/>\n\t<meta name=\"twitter:data1\" content=\"In stock\" \/>\n<script type=\"application\/ld+json\" class=\"yoast-schema-graph\">{\"@context\":\"https:\\\/\\\/schema.org\",\"@graph\":[{\"@type\":\"WebPage\",\"@id\":\"https:\\\/\\\/derosa.it\\\/it\\\/de-rosa-pantaloncini-2026\\\/\",\"url\":\"https:\\\/\\\/derosa.it\\\/it\\\/de-rosa-pantaloncini-2026\\\/\",\"name\":\"De Rosa Pantaloncini 2026 - De Rosa\",\"isPartOf\":{\"@id\":\"https:\\\/\\\/derosa.it\\\/it\\\/#website\"},\"primaryImageOfPage\":{\"@id\":\"https:\\\/\\\/derosa.it\\\/it\\\/de-rosa-pantaloncini-2026\\\/#primaryimage\"},\"image\":{\"@id\":\"https:\\\/\\\/derosa.it\\\/it\\\/de-rosa-pantaloncini-2026\\\/#primaryimage\"},\"thumbnailUrl\":\"https:\\\/\\\/derosa.it\\\/app\\\/uploads\\\/2026\\\/03\\\/Tecnico-26-15.jpg\",\"datePublished\":\"2026-03-04T14:44:04+00:00\",\"dateModified\":\"2026-03-05T08:14:26+00:00\",\"breadcrumb\":{\"@id\":\"https:\\\/\\\/derosa.it\\\/it\\\/de-rosa-pantaloncini-2026\\\/#breadcrumb\"},\"inLanguage\":\"it-IT\",\"potentialAction\":[{\"@type\":\"ReadAction\",\"target\":[\"https:\\\/\\\/derosa.it\\\/it\\\/de-rosa-pantaloncini-2026\\\/\"]}]},{\"@type\":\"ImageObject\",\"inLanguage\":\"it-IT\",\"@id\":\"https:\\\/\\\/derosa.it\\\/it\\\/de-rosa-pantaloncini-2026\\\/#primaryimage\",\"url\":\"https:\\\/\\\/derosa.it\\\/app\\\/uploads\\\/2026\\\/03\\\/Tecnico-26-15.jpg\",\"contentUrl\":\"https:\\\/\\\/derosa.it\\\/app\\\/uploads\\\/2026\\\/03\\\/Tecnico-26-15.jpg\",\"width\":2906,\"height\":4360},{\"@type\":\"BreadcrumbList\",\"@id\":\"https:\\\/\\\/derosa.it\\\/it\\\/de-rosa-pantaloncini-2026\\\/#breadcrumb\",\"itemListElement\":[{\"@type\":\"ListItem\",\"position\":1,\"name\":\"Home\",\"item\":\"https:\\\/\\\/derosa.it\\\/it\\\/\"},{\"@type\":\"ListItem\",\"position\":2,\"name\":\"Negozio\",\"item\":\"https:\\\/\\\/derosa.it\\\/it\\\/negozio\\\/\"},{\"@type\":\"ListItem\",\"position\":3,\"name\":\"De Rosa Pantaloncini 2026\"}]},{\"@type\":\"WebSite\",\"@id\":\"https:\\\/\\\/derosa.it\\\/it\\\/#website\",\"url\":\"https:\\\/\\\/derosa.it\\\/it\\\/\",\"name\":\"De Rosa\",\"description\":\"De Rosa Bikes\",\"publisher\":{\"@id\":\"https:\\\/\\\/derosa.it\\\/it\\\/#organization\"},\"potentialAction\":[{\"@type\":\"SearchAction\",\"target\":{\"@type\":\"EntryPoint\",\"urlTemplate\":\"https:\\\/\\\/derosa.it\\\/it\\\/?s={search_term_string}\"},\"query-input\":{\"@type\":\"PropertyValueSpecification\",\"valueRequired\":true,\"valueName\":\"search_term_string\"}}],\"inLanguage\":\"it-IT\"},{\"@type\":\"Organization\",\"@id\":\"https:\\\/\\\/derosa.it\\\/it\\\/#organization\",\"name\":\"De Rosa\",\"url\":\"https:\\\/\\\/derosa.it\\\/it\\\/\",\"logo\":{\"@type\":\"ImageObject\",\"inLanguage\":\"it-IT\",\"@id\":\"https:\\\/\\\/derosa.it\\\/it\\\/#\\\/schema\\\/logo\\\/image\\\/\",\"url\":\"https:\\\/\\\/derosa.it\\\/app\\\/uploads\\\/2026\\\/04\\\/De-Rosa-Logo-Black.svg\",\"contentUrl\":\"https:\\\/\\\/derosa.it\\\/app\\\/uploads\\\/2026\\\/04\\\/De-Rosa-Logo-Black.svg\",\"width\":1,\"height\":1,\"caption\":\"De Rosa\"},\"image\":{\"@id\":\"https:\\\/\\\/derosa.it\\\/it\\\/#\\\/schema\\\/logo\\\/image\\\/\"},\"sameAs\":[\"https:\\\/\\\/www.facebook.com\\\/derosabikes\",\"https:\\\/\\\/www.instagram.com\\\/derosabikes\\\/\"]}]}<\/script>\n<meta property=\"og:availability\" content=\"instock\" \/>\n<meta property=\"product:availability\" content=\"instock\" \/>\n<meta property=\"product:retailer_item_id\" content=\"BIB-SHORTS-2026\" \/>\n<meta property=\"product:condition\" content=\"new\" \/>\n<!-- \/ Yoast SEO plugin. -->","yoast_head_json":{"title":"De Rosa Pantaloncini 2026 - De Rosa","robots":{"index":"index","follow":"follow","max-snippet":"max-snippet:-1","max-image-preview":"max-image-preview:large","max-video-preview":"max-video-preview:-1"},"canonical":"https:\/\/derosa.it\/it\/de-rosa-pantaloncini-2026\/","og_locale":"it_IT","og_type":"article","og_title":"De Rosa Pantaloncini 2026 - De Rosa","og_description":"I Pantaloncini De Rosa 2026 sono progettati per offrire comfort, stabilit\u00e0 e prestazioni in ogni uscita, dalle sessioni di allenamento quotidiane alle lunghe giornate in sella. Realizzati con tessuto Cobra a taglio vivo, garantiscono una vestibilit\u00e0 aderente e di supporto senza creare pressioni inutili. Le bretelle elastiche assicurano stabilit\u00e0 e libert\u00e0 di movimento, mentre il...","og_url":"https:\/\/derosa.it\/it\/de-rosa-pantaloncini-2026\/","og_site_name":"De Rosa","article_publisher":"https:\/\/www.facebook.com\/derosabikes","article_modified_time":"2026-03-05T08:14:26+00:00","og_image":[{"width":683,"height":1024,"url":"https:\/\/derosa.it\/app\/uploads\/2026\/03\/Tecnico-26-15-683x1024.jpg","type":"image\/jpeg"}],"twitter_card":"summary_large_image","twitter_misc":{"Availability":"In stock"},"schema":{"@context":"https:\/\/schema.org","@graph":[{"@type":"WebPage","@id":"https:\/\/derosa.it\/it\/de-rosa-pantaloncini-2026\/","url":"https:\/\/derosa.it\/it\/de-rosa-pantaloncini-2026\/","name":"De Rosa Pantaloncini 2026 - De Rosa","isPartOf":{"@id":"https:\/\/derosa.it\/it\/#website"},"primaryImageOfPage":{"@id":"https:\/\/derosa.it\/it\/de-rosa-pantaloncini-2026\/#primaryimage"},"image":{"@id":"https:\/\/derosa.it\/it\/de-rosa-pantaloncini-2026\/#primaryimage"},"thumbnailUrl":"https:\/\/derosa.it\/app\/uploads\/2026\/03\/Tecnico-26-15.jpg","datePublished":"2026-03-04T14:44:04+00:00","dateModified":"2026-03-05T08:14:26+00:00","breadcrumb":{"@id":"https:\/\/derosa.it\/it\/de-rosa-pantaloncini-2026\/#breadcrumb"},"inLanguage":"it-IT","potentialAction":[{"@type":"ReadAction","target":["https:\/\/derosa.it\/it\/de-rosa-pantaloncini-2026\/"]}]},{"@type":"ImageObject","inLanguage":"it-IT","@id":"https:\/\/derosa.it\/it\/de-rosa-pantaloncini-2026\/#primaryimage","url":"https:\/\/derosa.it\/app\/uploads\/2026\/03\/Tecnico-26-15.jpg","contentUrl":"https:\/\/derosa.it\/app\/uploads\/2026\/03\/Tecnico-26-15.jpg","width":2906,"height":4360},{"@type":"BreadcrumbList","@id":"https:\/\/derosa.it\/it\/de-rosa-pantaloncini-2026\/#breadcrumb","itemListElement":[{"@type":"ListItem","position":1,"name":"Home","item":"https:\/\/derosa.it\/it\/"},{"@type":"ListItem","position":2,"name":"Negozio","item":"https:\/\/derosa.it\/it\/negozio\/"},{"@type":"ListItem","position":3,"name":"De Rosa Pantaloncini 2026"}]},{"@type":"WebSite","@id":"https:\/\/derosa.it\/it\/#website","url":"https:\/\/derosa.it\/it\/","name":"De Rosa","description":"De Rosa Bikes","publisher":{"@id":"https:\/\/derosa.it\/it\/#organization"},"potentialAction":[{"@type":"SearchAction","target":{"@type":"EntryPoint","urlTemplate":"https:\/\/derosa.it\/it\/?s={search_term_string}"},"query-input":{"@type":"PropertyValueSpecification","valueRequired":true,"valueName":"search_term_string"}}],"inLanguage":"it-IT"},{"@type":"Organization","@id":"https:\/\/derosa.it\/it\/#organization","name":"De Rosa","url":"https:\/\/derosa.it\/it\/","logo":{"@type":"ImageObject","inLanguage":"it-IT","@id":"https:\/\/derosa.it\/it\/#\/schema\/logo\/image\/","url":"https:\/\/derosa.it\/app\/uploads\/2026\/04\/De-Rosa-Logo-Black.svg","contentUrl":"https:\/\/derosa.it\/app\/uploads\/2026\/04\/De-Rosa-Logo-Black.svg","width":1,"height":1,"caption":"De Rosa"},"image":{"@id":"https:\/\/derosa.it\/it\/#\/schema\/logo\/image\/"},"sameAs":["https:\/\/www.facebook.com\/derosabikes","https:\/\/www.instagram.com\/derosabikes\/"]}]},"og_availability":"instock","product_availability":"instock","product_retailer_item_id":"BIB-SHORTS-2026","product_condition":"new"},"_links":{"self":[{"href":"https:\/\/derosa.it\/it\/wp-json\/wp\/v2\/product\/11038","targetHints":{"allow":["GET"]}}],"collection":[{"href":"https:\/\/derosa.it\/it\/wp-json\/wp\/v2\/product"}],"about":[{"href":"https:\/\/derosa.it\/it\/wp-json\/wp\/v2\/types\/product"}],"wp:featuredmedia":[{"embeddable":true,"href":"https:\/\/derosa.it\/it\/wp-json\/wp\/v2\/media\/11200"}],"wp:attachment":[{"href":"https:\/\/derosa.it\/it\/wp-json\/wp\/v2\/media?parent=11038"}],"wp:term":[{"taxonomy":"product_brand","embeddable":true,"href":"https:\/\/derosa.it\/it\/wp-json\/wp\/v2\/product_brand?post=11038"},{"taxonomy":"product_cat","embeddable":true,"href":"https:\/\/derosa.it\/it\/wp-json\/wp\/v2\/product_cat?post=11038"},{"taxonomy":"product_tag","embeddable":true,"href":"https:\/\/derosa.it\/it\/wp-json\/wp\/v2\/product_tag?post=11038"},{"taxonomy":"bike_component","embeddable":true,"href":"https:\/\/derosa.it\/it\/wp-json\/wp\/v2\/bike_component?post=11038"}],"curies":[{"name":"wp","href":"https:\/\/api.w.org\/{rel}","templated":true}]}}