{"id":11391,"date":"2026-04-13T09:28:39","date_gmt":"2026-04-13T09:28:39","guid":{"rendered":"https:\/\/derosa.it\/?post_type=product&#038;p=11391"},"modified":"2026-04-20T17:12:25","modified_gmt":"2026-04-20T17:12:25","slug":"70-the-champion","status":"publish","type":"product","link":"https:\/\/derosa.it\/it\/prodotto\/70-giro\/","title":{"rendered":"70"},"content":{"rendered":"<p>\u00c8 quello che al via ha gi\u00e0 gli occhi addosso. Quello da cui tutti si aspettano qualcosa, lo scatto, il numero, il colpo che cambia la corsa. La 70 \u00e8 fatta cos\u00ec, netta, affilata, senza esitazioni. Non ha bisogno di presentazioni, \u00e8 la stessa usata dai corridori al Giro. Quella che quando entra in scena non chiede permesso, si prende gli applausi e premi.<\/p>\n","protected":false},"excerpt":{"rendered":"<p>\u00c8 quello che al via ha gi\u00e0 gli occhi addosso. Quello da cui tutti si aspettano qualcosa, lo scatto, il numero, il colpo che cambia la corsa. La 70 \u00e8 fatta cos\u00ec, netta, affilata, senza esitazioni. Non ha bisogno di presentazioni, \u00e8 la stessa usata dai corridori al Giro. Quella che quando entra in scena&#8230;<\/p>\n","protected":false},"featured_media":11723,"template":"","meta":[],"product_brand":[],"product_cat":[1470],"product_tag":[],"class_list":{"0":"post-11391","1":"product","2":"type-product","3":"status-publish","4":"has-post-thumbnail","6":"product_cat-giro-italia-bikes","7":"name_model-686","9":"first","10":"instock","11":"taxable","12":"shipping-taxable","13":"purchasable","14":"product-type-variable"},"yoast_head":"<!-- This site is optimized with the Yoast SEO plugin v26.6 - https:\/\/yoast.com\/wordpress\/plugins\/seo\/ -->\n<title>70 - De Rosa<\/title>\n<meta name=\"robots\" content=\"index, follow, max-snippet:-1, max-image-preview:large, max-video-preview:-1\" \/>\n<link rel=\"canonical\" href=\"https:\/\/derosa.it\/it\/prodotto\/70-giro\/\" \/>\n<meta property=\"og:locale\" content=\"it_IT\" \/>\n<meta property=\"og:type\" content=\"article\" \/>\n<meta property=\"og:title\" content=\"70 - De Rosa\" \/>\n<meta property=\"og:description\" content=\"\u00c8 quello che al via ha gi\u00e0 gli occhi addosso. Quello da cui tutti si aspettano qualcosa, lo scatto, il numero, il colpo che cambia la corsa. La 70 \u00e8 fatta cos\u00ec, netta, affilata, senza esitazioni. Non ha bisogno di presentazioni, \u00e8 la stessa usata dai corridori al Giro. Quella che quando entra in scena...\" \/>\n<meta property=\"og:url\" content=\"https:\/\/derosa.it\/it\/prodotto\/70-giro\/\" \/>\n<meta property=\"og:site_name\" content=\"De Rosa\" \/>\n<meta property=\"article:publisher\" content=\"https:\/\/www.facebook.com\/derosabikes\" \/>\n<meta property=\"article:modified_time\" content=\"2026-04-20T17:12:25+00:00\" \/>\n<meta property=\"og:image\" content=\"https:\/\/derosa.it\/app\/uploads\/2026\/04\/Frame-168.png\" \/>\n\t<meta property=\"og:image:width\" content=\"1774\" \/>\n\t<meta property=\"og:image:height\" content=\"2366\" \/>\n\t<meta property=\"og:image:type\" content=\"image\/png\" \/>\n<meta name=\"twitter:card\" content=\"summary_large_image\" \/>\n<script type=\"application\/ld+json\" class=\"yoast-schema-graph\">{\"@context\":\"https:\/\/schema.org\",\"@graph\":[{\"@type\":\"WebPage\",\"@id\":\"https:\/\/derosa.it\/it\/prodotto\/70-giro\/\",\"url\":\"https:\/\/derosa.it\/it\/prodotto\/70-giro\/\",\"name\":\"70 - De Rosa\",\"isPartOf\":{\"@id\":\"https:\/\/derosa.it\/it\/#website\"},\"primaryImageOfPage\":{\"@id\":\"https:\/\/derosa.it\/it\/prodotto\/70-giro\/#primaryimage\"},\"image\":{\"@id\":\"https:\/\/derosa.it\/it\/prodotto\/70-giro\/#primaryimage\"},\"thumbnailUrl\":\"https:\/\/derosa.it\/app\/uploads\/2026\/04\/Frame-168.png\",\"datePublished\":\"2026-04-13T09:28:39+00:00\",\"dateModified\":\"2026-04-20T17:12:25+00:00\",\"breadcrumb\":{\"@id\":\"https:\/\/derosa.it\/it\/prodotto\/70-giro\/#breadcrumb\"},\"inLanguage\":\"it-IT\",\"potentialAction\":[{\"@type\":\"ReadAction\",\"target\":[\"https:\/\/derosa.it\/it\/prodotto\/70-giro\/\"]}]},{\"@type\":\"ImageObject\",\"inLanguage\":\"it-IT\",\"@id\":\"https:\/\/derosa.it\/it\/prodotto\/70-giro\/#primaryimage\",\"url\":\"https:\/\/derosa.it\/app\/uploads\/2026\/04\/Frame-168.png\",\"contentUrl\":\"https:\/\/derosa.it\/app\/uploads\/2026\/04\/Frame-168.png\",\"width\":1774,\"height\":2366},{\"@type\":\"BreadcrumbList\",\"@id\":\"https:\/\/derosa.it\/it\/prodotto\/70-giro\/#breadcrumb\",\"itemListElement\":[{\"@type\":\"ListItem\",\"position\":1,\"name\":\"Home\",\"item\":\"https:\/\/derosa.it\/it\/\"},{\"@type\":\"ListItem\",\"position\":2,\"name\":\"Negozio\",\"item\":\"https:\/\/derosa.it\/it\/negozio\/\"},{\"@type\":\"ListItem\",\"position\":3,\"name\":\"70\"}]},{\"@type\":\"WebSite\",\"@id\":\"https:\/\/derosa.it\/it\/#website\",\"url\":\"https:\/\/derosa.it\/it\/\",\"name\":\"De Rosa\",\"description\":\"De Rosa Bikes\",\"publisher\":{\"@id\":\"https:\/\/derosa.it\/it\/#organization\"},\"potentialAction\":[{\"@type\":\"SearchAction\",\"target\":{\"@type\":\"EntryPoint\",\"urlTemplate\":\"https:\/\/derosa.it\/it\/?s={search_term_string}\"},\"query-input\":{\"@type\":\"PropertyValueSpecification\",\"valueRequired\":true,\"valueName\":\"search_term_string\"}}],\"inLanguage\":\"it-IT\"},{\"@type\":\"Organization\",\"@id\":\"https:\/\/derosa.it\/it\/#organization\",\"name\":\"De Rosa\",\"url\":\"https:\/\/derosa.it\/it\/\",\"logo\":{\"@type\":\"ImageObject\",\"inLanguage\":\"it-IT\",\"@id\":\"https:\/\/derosa.it\/it\/#\/schema\/logo\/image\/\",\"url\":\"https:\/\/derosa.it\/app\/uploads\/2026\/04\/De-Rosa-Logo-Black.svg\",\"contentUrl\":\"https:\/\/derosa.it\/app\/uploads\/2026\/04\/De-Rosa-Logo-Black.svg\",\"width\":1,\"height\":1,\"caption\":\"De Rosa\"},\"image\":{\"@id\":\"https:\/\/derosa.it\/it\/#\/schema\/logo\/image\/\"},\"sameAs\":[\"https:\/\/www.facebook.com\/derosabikes\",\"https:\/\/www.instagram.com\/derosabikes\/\"]}]}<\/script>\n<!-- \/ Yoast SEO plugin. -->","yoast_head_json":{"title":"70 - De Rosa","robots":{"index":"index","follow":"follow","max-snippet":"max-snippet:-1","max-image-preview":"max-image-preview:large","max-video-preview":"max-video-preview:-1"},"canonical":"https:\/\/derosa.it\/it\/prodotto\/70-giro\/","og_locale":"it_IT","og_type":"article","og_title":"70 - De Rosa","og_description":"\u00c8 quello che al via ha gi\u00e0 gli occhi addosso. Quello da cui tutti si aspettano qualcosa, lo scatto, il numero, il colpo che cambia la corsa. La 70 \u00e8 fatta cos\u00ec, netta, affilata, senza esitazioni. Non ha bisogno di presentazioni, \u00e8 la stessa usata dai corridori al Giro. Quella che quando entra in scena...","og_url":"https:\/\/derosa.it\/it\/prodotto\/70-giro\/","og_site_name":"De Rosa","article_publisher":"https:\/\/www.facebook.com\/derosabikes","article_modified_time":"2026-04-20T17:12:25+00:00","og_image":[{"width":1774,"height":2366,"url":"https:\/\/derosa.it\/app\/uploads\/2026\/04\/Frame-168.png","type":"image\/png"}],"twitter_card":"summary_large_image","schema":{"@context":"https:\/\/schema.org","@graph":[{"@type":"WebPage","@id":"https:\/\/derosa.it\/it\/prodotto\/70-giro\/","url":"https:\/\/derosa.it\/it\/prodotto\/70-giro\/","name":"70 - De Rosa","isPartOf":{"@id":"https:\/\/derosa.it\/it\/#website"},"primaryImageOfPage":{"@id":"https:\/\/derosa.it\/it\/prodotto\/70-giro\/#primaryimage"},"image":{"@id":"https:\/\/derosa.it\/it\/prodotto\/70-giro\/#primaryimage"},"thumbnailUrl":"https:\/\/derosa.it\/app\/uploads\/2026\/04\/Frame-168.png","datePublished":"2026-04-13T09:28:39+00:00","dateModified":"2026-04-20T17:12:25+00:00","breadcrumb":{"@id":"https:\/\/derosa.it\/it\/prodotto\/70-giro\/#breadcrumb"},"inLanguage":"it-IT","potentialAction":[{"@type":"ReadAction","target":["https:\/\/derosa.it\/it\/prodotto\/70-giro\/"]}]},{"@type":"ImageObject","inLanguage":"it-IT","@id":"https:\/\/derosa.it\/it\/prodotto\/70-giro\/#primaryimage","url":"https:\/\/derosa.it\/app\/uploads\/2026\/04\/Frame-168.png","contentUrl":"https:\/\/derosa.it\/app\/uploads\/2026\/04\/Frame-168.png","width":1774,"height":2366},{"@type":"BreadcrumbList","@id":"https:\/\/derosa.it\/it\/prodotto\/70-giro\/#breadcrumb","itemListElement":[{"@type":"ListItem","position":1,"name":"Home","item":"https:\/\/derosa.it\/it\/"},{"@type":"ListItem","position":2,"name":"Negozio","item":"https:\/\/derosa.it\/it\/negozio\/"},{"@type":"ListItem","position":3,"name":"70"}]},{"@type":"WebSite","@id":"https:\/\/derosa.it\/it\/#website","url":"https:\/\/derosa.it\/it\/","name":"De Rosa","description":"De Rosa Bikes","publisher":{"@id":"https:\/\/derosa.it\/it\/#organization"},"potentialAction":[{"@type":"SearchAction","target":{"@type":"EntryPoint","urlTemplate":"https:\/\/derosa.it\/it\/?s={search_term_string}"},"query-input":{"@type":"PropertyValueSpecification","valueRequired":true,"valueName":"search_term_string"}}],"inLanguage":"it-IT"},{"@type":"Organization","@id":"https:\/\/derosa.it\/it\/#organization","name":"De Rosa","url":"https:\/\/derosa.it\/it\/","logo":{"@type":"ImageObject","inLanguage":"it-IT","@id":"https:\/\/derosa.it\/it\/#\/schema\/logo\/image\/","url":"https:\/\/derosa.it\/app\/uploads\/2026\/04\/De-Rosa-Logo-Black.svg","contentUrl":"https:\/\/derosa.it\/app\/uploads\/2026\/04\/De-Rosa-Logo-Black.svg","width":1,"height":1,"caption":"De Rosa"},"image":{"@id":"https:\/\/derosa.it\/it\/#\/schema\/logo\/image\/"},"sameAs":["https:\/\/www.facebook.com\/derosabikes","https:\/\/www.instagram.com\/derosabikes\/"]}]}},"_links":{"self":[{"href":"https:\/\/derosa.it\/it\/wp-json\/wp\/v2\/product\/11391","targetHints":{"allow":["GET"]}}],"collection":[{"href":"https:\/\/derosa.it\/it\/wp-json\/wp\/v2\/product"}],"about":[{"href":"https:\/\/derosa.it\/it\/wp-json\/wp\/v2\/types\/product"}],"wp:featuredmedia":[{"embeddable":true,"href":"https:\/\/derosa.it\/it\/wp-json\/wp\/v2\/media\/11723"}],"wp:attachment":[{"href":"https:\/\/derosa.it\/it\/wp-json\/wp\/v2\/media?parent=11391"}],"wp:term":[{"taxonomy":"product_brand","embeddable":true,"href":"https:\/\/derosa.it\/it\/wp-json\/wp\/v2\/product_brand?post=11391"},{"taxonomy":"product_cat","embeddable":true,"href":"https:\/\/derosa.it\/it\/wp-json\/wp\/v2\/product_cat?post=11391"},{"taxonomy":"product_tag","embeddable":true,"href":"https:\/\/derosa.it\/it\/wp-json\/wp\/v2\/product_tag?post=11391"}],"curies":[{"name":"wp","href":"https:\/\/api.w.org\/{rel}","templated":true}]}}