{"id":11443,"date":"2026-04-13T14:07:53","date_gmt":"2026-04-13T14:07:53","guid":{"rendered":"https:\/\/derosa.it\/?post_type=product&#038;p=11443"},"modified":"2026-04-20T17:11:50","modified_gmt":"2026-04-20T17:11:50","slug":"idol-the-idol","status":"publish","type":"product","link":"https:\/\/derosa.it\/it\/prodotto\/idol-giro\/","title":{"rendered":"Idol"},"content":{"rendered":"<p>Stile, presenza, storia. Idol \u00e8 fatta cos\u00ec. Da vent&#8217;anni cambia, si aggiorna, si evolve, ma resta sempre s\u00e9 stessa. \u00c8 la bici che al Giro assomiglia a quei nomi che sembrano esserci da sempre, quelli che non devono dimostrare nulla a nessuno, ma che tutti continuano a guardare con rispetto e ad amare.<\/p>\n","protected":false},"excerpt":{"rendered":"<p>Stile, presenza, storia. Idol \u00e8 fatta cos\u00ec. Da vent&#8217;anni cambia, si aggiorna, si evolve, ma resta sempre s\u00e9 stessa. \u00c8 la bici che al Giro assomiglia a quei nomi che sembrano esserci da sempre, quelli che non devono dimostrare nulla a nessuno, ma che tutti continuano a guardare con rispetto e ad amare.<\/p>\n","protected":false},"featured_media":11724,"template":"","meta":[],"product_brand":[],"product_cat":[1470],"product_tag":[],"class_list":{"0":"post-11443","1":"product","2":"type-product","3":"status-publish","4":"has-post-thumbnail","6":"product_cat-giro-italia-bikes","7":"name_model-idol","9":"first","10":"instock","11":"taxable","12":"shipping-taxable","13":"purchasable","14":"product-type-variable"},"yoast_head":"<!-- This site is optimized with the Yoast SEO plugin v26.6 - https:\/\/yoast.com\/wordpress\/plugins\/seo\/ -->\n<title>Idol - De Rosa<\/title>\n<meta name=\"robots\" content=\"index, follow, max-snippet:-1, max-image-preview:large, max-video-preview:-1\" \/>\n<link rel=\"canonical\" href=\"https:\/\/derosa.it\/it\/prodotto\/idol-giro\/\" \/>\n<meta property=\"og:locale\" content=\"it_IT\" \/>\n<meta property=\"og:type\" content=\"article\" \/>\n<meta property=\"og:title\" content=\"Idol - De Rosa\" \/>\n<meta property=\"og:description\" content=\"Stile, presenza, storia. Idol \u00e8 fatta cos\u00ec. Da vent&#8217;anni cambia, si aggiorna, si evolve, ma resta sempre s\u00e9 stessa. \u00c8 la bici che al Giro assomiglia a quei nomi che sembrano esserci da sempre, quelli che non devono dimostrare nulla a nessuno, ma che tutti continuano a guardare con rispetto e ad amare.\" \/>\n<meta property=\"og:url\" content=\"https:\/\/derosa.it\/it\/prodotto\/idol-giro\/\" \/>\n<meta property=\"og:site_name\" content=\"De Rosa\" \/>\n<meta property=\"article:publisher\" content=\"https:\/\/www.facebook.com\/derosabikes\" \/>\n<meta property=\"article:modified_time\" content=\"2026-04-20T17:11:50+00:00\" \/>\n<meta property=\"og:image\" content=\"https:\/\/derosa.it\/app\/uploads\/2026\/04\/Frame-169.png\" \/>\n\t<meta property=\"og:image:width\" content=\"1774\" \/>\n\t<meta property=\"og:image:height\" content=\"2366\" \/>\n\t<meta property=\"og:image:type\" content=\"image\/png\" \/>\n<meta name=\"twitter:card\" content=\"summary_large_image\" \/>\n<script type=\"application\/ld+json\" class=\"yoast-schema-graph\">{\"@context\":\"https:\/\/schema.org\",\"@graph\":[{\"@type\":\"WebPage\",\"@id\":\"https:\/\/derosa.it\/it\/prodotto\/idol-giro\/\",\"url\":\"https:\/\/derosa.it\/it\/prodotto\/idol-giro\/\",\"name\":\"Idol - De Rosa\",\"isPartOf\":{\"@id\":\"https:\/\/derosa.it\/it\/#website\"},\"primaryImageOfPage\":{\"@id\":\"https:\/\/derosa.it\/it\/prodotto\/idol-giro\/#primaryimage\"},\"image\":{\"@id\":\"https:\/\/derosa.it\/it\/prodotto\/idol-giro\/#primaryimage\"},\"thumbnailUrl\":\"https:\/\/derosa.it\/app\/uploads\/2026\/04\/Frame-169.png\",\"datePublished\":\"2026-04-13T14:07:53+00:00\",\"dateModified\":\"2026-04-20T17:11:50+00:00\",\"breadcrumb\":{\"@id\":\"https:\/\/derosa.it\/it\/prodotto\/idol-giro\/#breadcrumb\"},\"inLanguage\":\"it-IT\",\"potentialAction\":[{\"@type\":\"ReadAction\",\"target\":[\"https:\/\/derosa.it\/it\/prodotto\/idol-giro\/\"]}]},{\"@type\":\"ImageObject\",\"inLanguage\":\"it-IT\",\"@id\":\"https:\/\/derosa.it\/it\/prodotto\/idol-giro\/#primaryimage\",\"url\":\"https:\/\/derosa.it\/app\/uploads\/2026\/04\/Frame-169.png\",\"contentUrl\":\"https:\/\/derosa.it\/app\/uploads\/2026\/04\/Frame-169.png\",\"width\":1774,\"height\":2366},{\"@type\":\"BreadcrumbList\",\"@id\":\"https:\/\/derosa.it\/it\/prodotto\/idol-giro\/#breadcrumb\",\"itemListElement\":[{\"@type\":\"ListItem\",\"position\":1,\"name\":\"Home\",\"item\":\"https:\/\/derosa.it\/it\/\"},{\"@type\":\"ListItem\",\"position\":2,\"name\":\"Negozio\",\"item\":\"https:\/\/derosa.it\/it\/negozio\/\"},{\"@type\":\"ListItem\",\"position\":3,\"name\":\"Idol\"}]},{\"@type\":\"WebSite\",\"@id\":\"https:\/\/derosa.it\/it\/#website\",\"url\":\"https:\/\/derosa.it\/it\/\",\"name\":\"De Rosa\",\"description\":\"De Rosa Bikes\",\"publisher\":{\"@id\":\"https:\/\/derosa.it\/it\/#organization\"},\"potentialAction\":[{\"@type\":\"SearchAction\",\"target\":{\"@type\":\"EntryPoint\",\"urlTemplate\":\"https:\/\/derosa.it\/it\/?s={search_term_string}\"},\"query-input\":{\"@type\":\"PropertyValueSpecification\",\"valueRequired\":true,\"valueName\":\"search_term_string\"}}],\"inLanguage\":\"it-IT\"},{\"@type\":\"Organization\",\"@id\":\"https:\/\/derosa.it\/it\/#organization\",\"name\":\"De Rosa\",\"url\":\"https:\/\/derosa.it\/it\/\",\"logo\":{\"@type\":\"ImageObject\",\"inLanguage\":\"it-IT\",\"@id\":\"https:\/\/derosa.it\/it\/#\/schema\/logo\/image\/\",\"url\":\"https:\/\/derosa.it\/app\/uploads\/2026\/04\/De-Rosa-Logo-Black.svg\",\"contentUrl\":\"https:\/\/derosa.it\/app\/uploads\/2026\/04\/De-Rosa-Logo-Black.svg\",\"width\":1,\"height\":1,\"caption\":\"De Rosa\"},\"image\":{\"@id\":\"https:\/\/derosa.it\/it\/#\/schema\/logo\/image\/\"},\"sameAs\":[\"https:\/\/www.facebook.com\/derosabikes\",\"https:\/\/www.instagram.com\/derosabikes\/\"]}]}<\/script>\n<!-- \/ Yoast SEO plugin. -->","yoast_head_json":{"title":"Idol - De Rosa","robots":{"index":"index","follow":"follow","max-snippet":"max-snippet:-1","max-image-preview":"max-image-preview:large","max-video-preview":"max-video-preview:-1"},"canonical":"https:\/\/derosa.it\/it\/prodotto\/idol-giro\/","og_locale":"it_IT","og_type":"article","og_title":"Idol - De Rosa","og_description":"Stile, presenza, storia. Idol \u00e8 fatta cos\u00ec. Da vent&#8217;anni cambia, si aggiorna, si evolve, ma resta sempre s\u00e9 stessa. \u00c8 la bici che al Giro assomiglia a quei nomi che sembrano esserci da sempre, quelli che non devono dimostrare nulla a nessuno, ma che tutti continuano a guardare con rispetto e ad amare.","og_url":"https:\/\/derosa.it\/it\/prodotto\/idol-giro\/","og_site_name":"De Rosa","article_publisher":"https:\/\/www.facebook.com\/derosabikes","article_modified_time":"2026-04-20T17:11:50+00:00","og_image":[{"width":1774,"height":2366,"url":"https:\/\/derosa.it\/app\/uploads\/2026\/04\/Frame-169.png","type":"image\/png"}],"twitter_card":"summary_large_image","schema":{"@context":"https:\/\/schema.org","@graph":[{"@type":"WebPage","@id":"https:\/\/derosa.it\/it\/prodotto\/idol-giro\/","url":"https:\/\/derosa.it\/it\/prodotto\/idol-giro\/","name":"Idol - De Rosa","isPartOf":{"@id":"https:\/\/derosa.it\/it\/#website"},"primaryImageOfPage":{"@id":"https:\/\/derosa.it\/it\/prodotto\/idol-giro\/#primaryimage"},"image":{"@id":"https:\/\/derosa.it\/it\/prodotto\/idol-giro\/#primaryimage"},"thumbnailUrl":"https:\/\/derosa.it\/app\/uploads\/2026\/04\/Frame-169.png","datePublished":"2026-04-13T14:07:53+00:00","dateModified":"2026-04-20T17:11:50+00:00","breadcrumb":{"@id":"https:\/\/derosa.it\/it\/prodotto\/idol-giro\/#breadcrumb"},"inLanguage":"it-IT","potentialAction":[{"@type":"ReadAction","target":["https:\/\/derosa.it\/it\/prodotto\/idol-giro\/"]}]},{"@type":"ImageObject","inLanguage":"it-IT","@id":"https:\/\/derosa.it\/it\/prodotto\/idol-giro\/#primaryimage","url":"https:\/\/derosa.it\/app\/uploads\/2026\/04\/Frame-169.png","contentUrl":"https:\/\/derosa.it\/app\/uploads\/2026\/04\/Frame-169.png","width":1774,"height":2366},{"@type":"BreadcrumbList","@id":"https:\/\/derosa.it\/it\/prodotto\/idol-giro\/#breadcrumb","itemListElement":[{"@type":"ListItem","position":1,"name":"Home","item":"https:\/\/derosa.it\/it\/"},{"@type":"ListItem","position":2,"name":"Negozio","item":"https:\/\/derosa.it\/it\/negozio\/"},{"@type":"ListItem","position":3,"name":"Idol"}]},{"@type":"WebSite","@id":"https:\/\/derosa.it\/it\/#website","url":"https:\/\/derosa.it\/it\/","name":"De Rosa","description":"De Rosa Bikes","publisher":{"@id":"https:\/\/derosa.it\/it\/#organization"},"potentialAction":[{"@type":"SearchAction","target":{"@type":"EntryPoint","urlTemplate":"https:\/\/derosa.it\/it\/?s={search_term_string}"},"query-input":{"@type":"PropertyValueSpecification","valueRequired":true,"valueName":"search_term_string"}}],"inLanguage":"it-IT"},{"@type":"Organization","@id":"https:\/\/derosa.it\/it\/#organization","name":"De Rosa","url":"https:\/\/derosa.it\/it\/","logo":{"@type":"ImageObject","inLanguage":"it-IT","@id":"https:\/\/derosa.it\/it\/#\/schema\/logo\/image\/","url":"https:\/\/derosa.it\/app\/uploads\/2026\/04\/De-Rosa-Logo-Black.svg","contentUrl":"https:\/\/derosa.it\/app\/uploads\/2026\/04\/De-Rosa-Logo-Black.svg","width":1,"height":1,"caption":"De Rosa"},"image":{"@id":"https:\/\/derosa.it\/it\/#\/schema\/logo\/image\/"},"sameAs":["https:\/\/www.facebook.com\/derosabikes","https:\/\/www.instagram.com\/derosabikes\/"]}]}},"_links":{"self":[{"href":"https:\/\/derosa.it\/it\/wp-json\/wp\/v2\/product\/11443","targetHints":{"allow":["GET"]}}],"collection":[{"href":"https:\/\/derosa.it\/it\/wp-json\/wp\/v2\/product"}],"about":[{"href":"https:\/\/derosa.it\/it\/wp-json\/wp\/v2\/types\/product"}],"wp:featuredmedia":[{"embeddable":true,"href":"https:\/\/derosa.it\/it\/wp-json\/wp\/v2\/media\/11724"}],"wp:attachment":[{"href":"https:\/\/derosa.it\/it\/wp-json\/wp\/v2\/media?parent=11443"}],"wp:term":[{"taxonomy":"product_brand","embeddable":true,"href":"https:\/\/derosa.it\/it\/wp-json\/wp\/v2\/product_brand?post=11443"},{"taxonomy":"product_cat","embeddable":true,"href":"https:\/\/derosa.it\/it\/wp-json\/wp\/v2\/product_cat?post=11443"},{"taxonomy":"product_tag","embeddable":true,"href":"https:\/\/derosa.it\/it\/wp-json\/wp\/v2\/product_tag?post=11443"}],"curies":[{"name":"wp","href":"https:\/\/api.w.org\/{rel}","templated":true}]}}