{"id":11517,"date":"2026-04-13T14:20:11","date_gmt":"2026-04-13T14:20:11","guid":{"rendered":"https:\/\/derosa.it\/?post_type=product&#038;p=11517"},"modified":"2026-04-14T09:15:20","modified_gmt":"2026-04-14T09:15:20","slug":"anima-il-gregario-di-lusso","status":"publish","type":"product","link":"https:\/\/derosa.it\/it\/prodotto\/anima-giro\/","title":{"rendered":"Anima, Il Gregario di lusso"},"content":{"rendered":"<p>Al Giro ce n&#8217;\u00e8 sempre uno cos\u00ec. Quello che non cerca i titoli, non siprende il centro della scena, ma quando la strada si fa dura c&#8217;\u00e8 sempre.Affidabile, instancabile, concreto. Di quelli che magari da fuori noti meno,finch\u00e9 non capisci quanto tengano in piedi tutto il resto. Anima \u00e8 fatta allostesso modo, una bici su cui puoi contare davvero, sempre pronta a fareil suo lavoro fino in fondo, e a farlo bene.<\/p>\n","protected":false},"excerpt":{"rendered":"<p>Al Giro ce n&#8217;\u00e8 sempre uno cos\u00ec. Quello che non cerca i titoli, non siprende il centro della scena, ma quando la strada si fa dura c&#8217;\u00e8 sempre.Affidabile, instancabile, concreto. Di quelli che magari da fuori noti meno,finch\u00e9 non capisci quanto tengano in piedi tutto il resto. Anima \u00e8 fatta allostesso modo, una bici su&#8230;<\/p>\n","protected":false},"featured_media":11585,"template":"","meta":[],"product_brand":[],"product_cat":[1470],"product_tag":[],"class_list":{"0":"post-11517","1":"product","2":"type-product","3":"status-publish","4":"has-post-thumbnail","6":"product_cat-giro-italia-bikes","7":"condition-nuovo","8":"shipping-standard-2","10":"first","11":"instock","12":"taxable","13":"shipping-taxable","14":"purchasable","15":"product-type-variable"},"_links":{"self":[{"href":"https:\/\/derosa.it\/it\/wp-json\/wp\/v2\/product\/11517","targetHints":{"allow":["GET"]}}],"collection":[{"href":"https:\/\/derosa.it\/it\/wp-json\/wp\/v2\/product"}],"about":[{"href":"https:\/\/derosa.it\/it\/wp-json\/wp\/v2\/types\/product"}],"wp:featuredmedia":[{"embeddable":true,"href":"https:\/\/derosa.it\/it\/wp-json\/wp\/v2\/media\/11585"}],"wp:attachment":[{"href":"https:\/\/derosa.it\/it\/wp-json\/wp\/v2\/media?parent=11517"}],"wp:term":[{"taxonomy":"product_brand","embeddable":true,"href":"https:\/\/derosa.it\/it\/wp-json\/wp\/v2\/product_brand?post=11517"},{"taxonomy":"product_cat","embeddable":true,"href":"https:\/\/derosa.it\/it\/wp-json\/wp\/v2\/product_cat?post=11517"},{"taxonomy":"product_tag","embeddable":true,"href":"https:\/\/derosa.it\/it\/wp-json\/wp\/v2\/product_tag?post=11517"}],"curies":[{"name":"wp","href":"https:\/\/api.w.org\/{rel}","templated":true}]}}