{"id":7351,"date":"2023-11-12T21:11:14","date_gmt":"2023-11-12T21:11:14","guid":{"rendered":"https:\/\/staging.derosa.it\/product\/libro-beat-70-anni-di-storia-in-bicicletta-versione-italiana\/"},"modified":"2025-04-26T13:57:27","modified_gmt":"2025-04-26T13:57:27","slug":"libro-beat-70-anni-di-storia-in-bicicletta-versione-italiana","status":"publish","type":"product","link":"https:\/\/derosa.it\/it\/prodotto\/libro-beat-70-anni-di-storia-in-bicicletta-versione-italiana\/","title":{"rendered":"Libro \u201cBattito. 70 anni di storia in bicicletta\u201d. Versione italiana"},"content":{"rendered":"<p>\u00c8 un sogno tangibile che nasce dal cuore, dal tatto, dalla vista, dal gusto e dall&#8217;olfatto. \u00c8 il risultato della superba combinazione di artigianalit\u00e0 e tecnologia, arte e passione, sogno e concretezza, velocit\u00e0 e libert\u00e0, idea e materia.<br class=\"ac-designer-copy\" \/><br class=\"ac-designer-copy\" \/>70 \u00e8 un&#8217;opera d&#8217;arte che sa coniugare spazio e tempo in misure umane, nel gesto semplice ma profondo di una pedalata.<\/p>\n","protected":false},"excerpt":{"rendered":"<p>\u00c8 un sogno tangibile che nasce dal cuore, dal tatto, dalla vista, dal gusto e dall&#8217;olfatto. \u00c8 il risultato della superba combinazione di artigianalit\u00e0 e tecnologia, arte e passione, sogno e concretezza, velocit\u00e0 e libert\u00e0, idea e materia.70 \u00e8 un&#8217;opera d&#8217;arte che sa coniugare spazio e tempo in misure umane, nel gesto semplice ma profondo&#8230;<\/p>\n","protected":false},"featured_media":8011,"template":"","meta":[],"product_brand":[],"product_cat":[632],"product_tag":[],"bike_component":[],"class_list":{"0":"post-7351","1":"product","2":"type-product","3":"status-publish","4":"has-post-thumbnail","6":"product_cat-de-rosa-world","7":"product_shipping_class-merch-it","8":"delivery-merch","10":"first","11":"instock","12":"sale","13":"taxable","14":"shipping-taxable","15":"purchasable","16":"product-type-simple"},"yoast_head":"<!-- This site is optimized with the Yoast SEO plugin v27.5 - https:\/\/yoast.com\/product\/yoast-seo-wordpress\/ -->\n<title>Libro \u201cBattito. 70 anni di storia in bicicletta\u201d. Versione italiana - De Rosa<\/title>\n<meta name=\"robots\" content=\"index, follow, max-snippet:-1, max-image-preview:large, max-video-preview:-1\" \/>\n<link rel=\"canonical\" href=\"https:\/\/derosa.it\/it\/prodotto\/libro-beat-70-anni-di-storia-in-bicicletta-versione-italiana\/\" \/>\n<meta property=\"og:locale\" content=\"it_IT\" \/>\n<meta property=\"og:type\" content=\"article\" \/>\n<meta property=\"og:title\" content=\"Libro \u201cBattito. 70 anni di storia in bicicletta\u201d. Versione italiana - De Rosa\" \/>\n<meta property=\"og:description\" content=\"\u00c8 un sogno tangibile che nasce dal cuore, dal tatto, dalla vista, dal gusto e dall&#8217;olfatto. \u00c8 il risultato della superba combinazione di artigianalit\u00e0 e tecnologia, arte e passione, sogno e concretezza, velocit\u00e0 e libert\u00e0, idea e materia.70 \u00e8 un&#8217;opera d&#8217;arte che sa coniugare spazio e tempo in misure umane, nel gesto semplice ma profondo...\" \/>\n<meta property=\"og:url\" content=\"https:\/\/derosa.it\/it\/prodotto\/libro-beat-70-anni-di-storia-in-bicicletta-versione-italiana\/\" \/>\n<meta property=\"og:site_name\" content=\"De Rosa\" \/>\n<meta property=\"article:publisher\" content=\"https:\/\/www.facebook.com\/derosabikes\" \/>\n<meta property=\"article:modified_time\" content=\"2025-04-26T13:57:27+00:00\" \/>\n<meta property=\"og:image\" content=\"https:\/\/derosa.it\/app\/uploads\/2025\/04\/Battito-De-Rosa-70-3.jpg\" \/>\n\t<meta property=\"og:image:width\" content=\"1667\" \/>\n\t<meta property=\"og:image:height\" content=\"2500\" \/>\n\t<meta property=\"og:image:type\" content=\"image\/jpeg\" \/>\n<meta name=\"twitter:card\" content=\"summary_large_image\" \/>\n<meta name=\"twitter:label1\" content=\"Price\" \/>\n\t<meta name=\"twitter:data1\" content=\"27.00&euro;\" \/>\n\t<meta name=\"twitter:label2\" content=\"Availability\" \/>\n\t<meta name=\"twitter:data2\" content=\"In stock\" \/>\n<script type=\"application\/ld+json\" class=\"yoast-schema-graph\">{\"@context\":\"https:\\\/\\\/schema.org\",\"@graph\":[{\"@type\":\"WebPage\",\"@id\":\"https:\\\/\\\/derosa.it\\\/it\\\/prodotto\\\/libro-beat-70-anni-di-storia-in-bicicletta-versione-italiana\\\/\",\"url\":\"https:\\\/\\\/derosa.it\\\/it\\\/prodotto\\\/libro-beat-70-anni-di-storia-in-bicicletta-versione-italiana\\\/\",\"name\":\"Libro \u201cBattito. 70 anni di storia in bicicletta\u201d. Versione italiana - De Rosa\",\"isPartOf\":{\"@id\":\"https:\\\/\\\/derosa.it\\\/it\\\/#website\"},\"primaryImageOfPage\":{\"@id\":\"https:\\\/\\\/derosa.it\\\/it\\\/prodotto\\\/libro-beat-70-anni-di-storia-in-bicicletta-versione-italiana\\\/#primaryimage\"},\"image\":{\"@id\":\"https:\\\/\\\/derosa.it\\\/it\\\/prodotto\\\/libro-beat-70-anni-di-storia-in-bicicletta-versione-italiana\\\/#primaryimage\"},\"thumbnailUrl\":\"https:\\\/\\\/derosa.it\\\/app\\\/uploads\\\/2025\\\/04\\\/Battito-De-Rosa-70-3.jpg\",\"datePublished\":\"2023-11-12T21:11:14+00:00\",\"dateModified\":\"2025-04-26T13:57:27+00:00\",\"breadcrumb\":{\"@id\":\"https:\\\/\\\/derosa.it\\\/it\\\/prodotto\\\/libro-beat-70-anni-di-storia-in-bicicletta-versione-italiana\\\/#breadcrumb\"},\"inLanguage\":\"it-IT\",\"potentialAction\":[{\"@type\":\"ReadAction\",\"target\":[\"https:\\\/\\\/derosa.it\\\/it\\\/prodotto\\\/libro-beat-70-anni-di-storia-in-bicicletta-versione-italiana\\\/\"]}]},{\"@type\":\"ImageObject\",\"inLanguage\":\"it-IT\",\"@id\":\"https:\\\/\\\/derosa.it\\\/it\\\/prodotto\\\/libro-beat-70-anni-di-storia-in-bicicletta-versione-italiana\\\/#primaryimage\",\"url\":\"https:\\\/\\\/derosa.it\\\/app\\\/uploads\\\/2025\\\/04\\\/Battito-De-Rosa-70-3.jpg\",\"contentUrl\":\"https:\\\/\\\/derosa.it\\\/app\\\/uploads\\\/2025\\\/04\\\/Battito-De-Rosa-70-3.jpg\",\"width\":1667,\"height\":2500},{\"@type\":\"BreadcrumbList\",\"@id\":\"https:\\\/\\\/derosa.it\\\/it\\\/prodotto\\\/libro-beat-70-anni-di-storia-in-bicicletta-versione-italiana\\\/#breadcrumb\",\"itemListElement\":[{\"@type\":\"ListItem\",\"position\":1,\"name\":\"Home\",\"item\":\"https:\\\/\\\/derosa.it\\\/it\\\/\"},{\"@type\":\"ListItem\",\"position\":2,\"name\":\"Negozio\",\"item\":\"https:\\\/\\\/derosa.it\\\/it\\\/negozio\\\/\"},{\"@type\":\"ListItem\",\"position\":3,\"name\":\"Libro \u201cBattito. 70 anni di storia in bicicletta\u201d. Versione italiana\"}]},{\"@type\":\"WebSite\",\"@id\":\"https:\\\/\\\/derosa.it\\\/it\\\/#website\",\"url\":\"https:\\\/\\\/derosa.it\\\/it\\\/\",\"name\":\"De Rosa\",\"description\":\"De Rosa Bikes\",\"publisher\":{\"@id\":\"https:\\\/\\\/derosa.it\\\/it\\\/#organization\"},\"potentialAction\":[{\"@type\":\"SearchAction\",\"target\":{\"@type\":\"EntryPoint\",\"urlTemplate\":\"https:\\\/\\\/derosa.it\\\/it\\\/?s={search_term_string}\"},\"query-input\":{\"@type\":\"PropertyValueSpecification\",\"valueRequired\":true,\"valueName\":\"search_term_string\"}}],\"inLanguage\":\"it-IT\"},{\"@type\":\"Organization\",\"@id\":\"https:\\\/\\\/derosa.it\\\/it\\\/#organization\",\"name\":\"De Rosa\",\"url\":\"https:\\\/\\\/derosa.it\\\/it\\\/\",\"logo\":{\"@type\":\"ImageObject\",\"inLanguage\":\"it-IT\",\"@id\":\"https:\\\/\\\/derosa.it\\\/it\\\/#\\\/schema\\\/logo\\\/image\\\/\",\"url\":\"https:\\\/\\\/derosa.it\\\/app\\\/uploads\\\/2026\\\/04\\\/De-Rosa-Logo-Black.svg\",\"contentUrl\":\"https:\\\/\\\/derosa.it\\\/app\\\/uploads\\\/2026\\\/04\\\/De-Rosa-Logo-Black.svg\",\"width\":1,\"height\":1,\"caption\":\"De Rosa\"},\"image\":{\"@id\":\"https:\\\/\\\/derosa.it\\\/it\\\/#\\\/schema\\\/logo\\\/image\\\/\"},\"sameAs\":[\"https:\\\/\\\/www.facebook.com\\\/derosabikes\",\"https:\\\/\\\/www.instagram.com\\\/derosabikes\\\/\"]}]}<\/script>\n<meta property=\"product:price:amount\" content=\"27.00\" \/>\n<meta property=\"product:price:currency\" content=\"EUR\" \/>\n<meta property=\"og:availability\" content=\"instock\" \/>\n<meta property=\"product:availability\" content=\"instock\" \/>\n<meta property=\"product:retailer_item_id\" content=\"battito-book-ita\" \/>\n<meta property=\"product:condition\" content=\"new\" \/>\n<!-- \/ Yoast SEO plugin. -->","yoast_head_json":{"title":"Libro \u201cBattito. 70 anni di storia in bicicletta\u201d. Versione italiana - De Rosa","robots":{"index":"index","follow":"follow","max-snippet":"max-snippet:-1","max-image-preview":"max-image-preview:large","max-video-preview":"max-video-preview:-1"},"canonical":"https:\/\/derosa.it\/it\/prodotto\/libro-beat-70-anni-di-storia-in-bicicletta-versione-italiana\/","og_locale":"it_IT","og_type":"article","og_title":"Libro \u201cBattito. 70 anni di storia in bicicletta\u201d. Versione italiana - De Rosa","og_description":"\u00c8 un sogno tangibile che nasce dal cuore, dal tatto, dalla vista, dal gusto e dall&#8217;olfatto. \u00c8 il risultato della superba combinazione di artigianalit\u00e0 e tecnologia, arte e passione, sogno e concretezza, velocit\u00e0 e libert\u00e0, idea e materia.70 \u00e8 un&#8217;opera d&#8217;arte che sa coniugare spazio e tempo in misure umane, nel gesto semplice ma profondo...","og_url":"https:\/\/derosa.it\/it\/prodotto\/libro-beat-70-anni-di-storia-in-bicicletta-versione-italiana\/","og_site_name":"De Rosa","article_publisher":"https:\/\/www.facebook.com\/derosabikes","article_modified_time":"2025-04-26T13:57:27+00:00","og_image":[{"width":1667,"height":2500,"url":"https:\/\/derosa.it\/app\/uploads\/2025\/04\/Battito-De-Rosa-70-3.jpg","type":"image\/jpeg"}],"twitter_card":"summary_large_image","twitter_misc":{"Price":"27.00&euro;","Availability":"In stock"},"schema":{"@context":"https:\/\/schema.org","@graph":[{"@type":"WebPage","@id":"https:\/\/derosa.it\/it\/prodotto\/libro-beat-70-anni-di-storia-in-bicicletta-versione-italiana\/","url":"https:\/\/derosa.it\/it\/prodotto\/libro-beat-70-anni-di-storia-in-bicicletta-versione-italiana\/","name":"Libro \u201cBattito. 70 anni di storia in bicicletta\u201d. Versione italiana - De Rosa","isPartOf":{"@id":"https:\/\/derosa.it\/it\/#website"},"primaryImageOfPage":{"@id":"https:\/\/derosa.it\/it\/prodotto\/libro-beat-70-anni-di-storia-in-bicicletta-versione-italiana\/#primaryimage"},"image":{"@id":"https:\/\/derosa.it\/it\/prodotto\/libro-beat-70-anni-di-storia-in-bicicletta-versione-italiana\/#primaryimage"},"thumbnailUrl":"https:\/\/derosa.it\/app\/uploads\/2025\/04\/Battito-De-Rosa-70-3.jpg","datePublished":"2023-11-12T21:11:14+00:00","dateModified":"2025-04-26T13:57:27+00:00","breadcrumb":{"@id":"https:\/\/derosa.it\/it\/prodotto\/libro-beat-70-anni-di-storia-in-bicicletta-versione-italiana\/#breadcrumb"},"inLanguage":"it-IT","potentialAction":[{"@type":"ReadAction","target":["https:\/\/derosa.it\/it\/prodotto\/libro-beat-70-anni-di-storia-in-bicicletta-versione-italiana\/"]}]},{"@type":"ImageObject","inLanguage":"it-IT","@id":"https:\/\/derosa.it\/it\/prodotto\/libro-beat-70-anni-di-storia-in-bicicletta-versione-italiana\/#primaryimage","url":"https:\/\/derosa.it\/app\/uploads\/2025\/04\/Battito-De-Rosa-70-3.jpg","contentUrl":"https:\/\/derosa.it\/app\/uploads\/2025\/04\/Battito-De-Rosa-70-3.jpg","width":1667,"height":2500},{"@type":"BreadcrumbList","@id":"https:\/\/derosa.it\/it\/prodotto\/libro-beat-70-anni-di-storia-in-bicicletta-versione-italiana\/#breadcrumb","itemListElement":[{"@type":"ListItem","position":1,"name":"Home","item":"https:\/\/derosa.it\/it\/"},{"@type":"ListItem","position":2,"name":"Negozio","item":"https:\/\/derosa.it\/it\/negozio\/"},{"@type":"ListItem","position":3,"name":"Libro \u201cBattito. 70 anni di storia in bicicletta\u201d. Versione italiana"}]},{"@type":"WebSite","@id":"https:\/\/derosa.it\/it\/#website","url":"https:\/\/derosa.it\/it\/","name":"De Rosa","description":"De Rosa Bikes","publisher":{"@id":"https:\/\/derosa.it\/it\/#organization"},"potentialAction":[{"@type":"SearchAction","target":{"@type":"EntryPoint","urlTemplate":"https:\/\/derosa.it\/it\/?s={search_term_string}"},"query-input":{"@type":"PropertyValueSpecification","valueRequired":true,"valueName":"search_term_string"}}],"inLanguage":"it-IT"},{"@type":"Organization","@id":"https:\/\/derosa.it\/it\/#organization","name":"De Rosa","url":"https:\/\/derosa.it\/it\/","logo":{"@type":"ImageObject","inLanguage":"it-IT","@id":"https:\/\/derosa.it\/it\/#\/schema\/logo\/image\/","url":"https:\/\/derosa.it\/app\/uploads\/2026\/04\/De-Rosa-Logo-Black.svg","contentUrl":"https:\/\/derosa.it\/app\/uploads\/2026\/04\/De-Rosa-Logo-Black.svg","width":1,"height":1,"caption":"De Rosa"},"image":{"@id":"https:\/\/derosa.it\/it\/#\/schema\/logo\/image\/"},"sameAs":["https:\/\/www.facebook.com\/derosabikes","https:\/\/www.instagram.com\/derosabikes\/"]}]},"product_price_amount":"27.00","product_price_currency":"EUR","og_availability":"instock","product_availability":"instock","product_retailer_item_id":"battito-book-ita","product_condition":"new"},"_links":{"self":[{"href":"https:\/\/derosa.it\/it\/wp-json\/wp\/v2\/product\/7351","targetHints":{"allow":["GET"]}}],"collection":[{"href":"https:\/\/derosa.it\/it\/wp-json\/wp\/v2\/product"}],"about":[{"href":"https:\/\/derosa.it\/it\/wp-json\/wp\/v2\/types\/product"}],"wp:featuredmedia":[{"embeddable":true,"href":"https:\/\/derosa.it\/it\/wp-json\/wp\/v2\/media\/8011"}],"wp:attachment":[{"href":"https:\/\/derosa.it\/it\/wp-json\/wp\/v2\/media?parent=7351"}],"wp:term":[{"taxonomy":"product_brand","embeddable":true,"href":"https:\/\/derosa.it\/it\/wp-json\/wp\/v2\/product_brand?post=7351"},{"taxonomy":"product_cat","embeddable":true,"href":"https:\/\/derosa.it\/it\/wp-json\/wp\/v2\/product_cat?post=7351"},{"taxonomy":"product_tag","embeddable":true,"href":"https:\/\/derosa.it\/it\/wp-json\/wp\/v2\/product_tag?post=7351"},{"taxonomy":"bike_component","embeddable":true,"href":"https:\/\/derosa.it\/it\/wp-json\/wp\/v2\/bike_component?post=7351"}],"curies":[{"name":"wp","href":"https:\/\/api.w.org\/{rel}","templated":true}]}}